{"id":8,"date":"2017-08-02T13:06:45","date_gmt":"2017-08-02T13:06:45","guid":{"rendered":"http:\/\/apartmentsifigenia.codibee.solutions\/location\/"},"modified":"2017-08-04T12:40:23","modified_gmt":"2017-08-04T12:40:23","slug":"location","status":"publish","type":"page","link":"https:\/\/www.apartmentsifigenia.gr\/ro\/location\/","title":{"rendered":"Localizare"},"content":{"rendered":"<p>Apartamentele Ifigenia sunt situate \u00een Nidri. Venind dinspre ora\u0219ul Lefkada, ajunge\u0163i \u00een Nidri \u0219i trece\u0163i prin ora\u015f pe strada principal\u0103. Vira\u0163i dreapta la intersec\u021bia cu strada c\u0103tre Neochori, \u0219i la 200 de metri pe partea st\u00e2ng\u0103 ve\u021bi vedea complexul nostru de apartamente. La doar 3 minute de mers de cea mai apropiat\u0103 sta\u021bie de autobuz, \u015fi aproximativ 45 de minute cu ma\u015fina de Aeroportul Aktio din Preveza.<\/p>\n<p>De asemenea, foarte convenabil situat la c\u00e2\u021biva pa\u0219i de centrul or\u0103\u015felului Nidri, birouri de \u00eenchirieri ma\u0219ini \u0219i ambarca\u021biuni, brut\u0103rii, magazine locale \u0219i supermarket-uri, Oficiul Po\u015ftal, Doctor, Farmacii, Banc\u0103 \u0219i ATM-uri, baruri, cafenele \u0219i restaurante.<\/p>\n<p>Exist\u0103 o plaj\u0103 frumoas\u0103, la doar cinci minute de mers pe jos de apartament, cu ap\u0103 lin\u0103 \u0219i copaci care ofer\u0103 umbr\u0103, \u015fi, de asemenea, cu \u0219ezlonguri. Cu restaurante \u0219i cafenele \u00een apropiere de plaj\u0103. Plaja este de doi kilometri lungime, cu multe op\u021biuni de divertisment \u0219i, de asemenea, cu posibilitatea de a practica sporturi nautice.<\/p>","protected":false},"excerpt":{"rendered":"<p>Apartamentele Ifigenia sunt situate \u00een Nidri. Venind dinspre ora\u0219ul Lefkada, ajunge\u0163i \u00een Nidri \u0219i trece\u0163i prin ora\u015f pe strada principal\u0103. Vira\u0163i dreapta la intersec\u021bia cu strada c\u0103tre Neochori, \u0219i la 200 de metri pe partea st\u00e2ng\u0103 ve\u021bi vedea complexul nostru de apartamente. La doar 3 minute de mers de cea mai apropiat\u0103 sta\u021bie de autobuz, \u015fi aproximativ 45 de minute cu ma\u015fina de Aeroportul Aktio din Preveza.<\/p>\n","protected":false},"author":1,"featured_media":56,"parent":0,"menu_order":0,"comment_status":"closed","ping_status":"closed","template":"page_location.php","meta":{"footnotes":""},"class_list":["post-8","page","type-page","status-publish","has-post-thumbnail","hentry"],"_links":{"self":[{"href":"https:\/\/www.apartmentsifigenia.gr\/ro\/wp-json\/wp\/v2\/pages\/8","targetHints":{"allow":["GET"]}}],"collection":[{"href":"https:\/\/www.apartmentsifigenia.gr\/ro\/wp-json\/wp\/v2\/pages"}],"about":[{"href":"https:\/\/www.apartmentsifigenia.gr\/ro\/wp-json\/wp\/v2\/types\/page"}],"author":[{"embeddable":true,"href":"https:\/\/www.apartmentsifigenia.gr\/ro\/wp-json\/wp\/v2\/users\/1"}],"replies":[{"embeddable":true,"href":"https:\/\/www.apartmentsifigenia.gr\/ro\/wp-json\/wp\/v2\/comments?post=8"}],"version-history":[{"count":2,"href":"https:\/\/www.apartmentsifigenia.gr\/ro\/wp-json\/wp\/v2\/pages\/8\/revisions"}],"predecessor-version":[{"id":146,"href":"https:\/\/www.apartmentsifigenia.gr\/ro\/wp-json\/wp\/v2\/pages\/8\/revisions\/146"}],"wp:featuredmedia":[{"embeddable":true,"href":"https:\/\/www.apartmentsifigenia.gr\/ro\/wp-json\/wp\/v2\/media\/56"}],"wp:attachment":[{"href":"https:\/\/www.apartmentsifigenia.gr\/ro\/wp-json\/wp\/v2\/media?parent=8"}],"curies":[{"name":"wp","href":"https:\/\/api.w.org\/{rel}","templated":true}]}}