{"id":5,"date":"2017-08-02T13:06:45","date_gmt":"2017-08-02T13:06:45","guid":{"rendered":"http:\/\/apartmentsifigenia.codibee.solutions\/accommodation\/"},"modified":"2017-08-03T12:31:12","modified_gmt":"2017-08-03T12:31:12","slug":"accommodation","status":"publish","type":"page","link":"https:\/\/www.apartmentsifigenia.gr\/ro\/accommodation\/","title":{"rendered":"Apartamente"},"content":{"rendered":"<p>Exist\u0103 trei cl\u0103diri (A, B, C) \u0219i \u00een fiecare cl\u0103dire exist\u0103 patru apartamente de diferite tipuri. Al\u0103turi de fiecare cl\u0103dire exist\u0103 o piscin\u0103 mare cu jacuzzi \u0219i \u0219ezlonguri unde v\u0103 pute\u0163i bucura de soare.<\/p>\n<p>Acomodarea este luminat\u0103 \u015fi aerisit\u0103. Mobilierul \u0219i decorul sunt simple, moderne \u0219i de cea mai bun\u0103 calitate. Oferim standarde \u00eenalte de calitate astfel \u00eenc\u00e2t toate apartamentele v\u0103 pun la dispozi\u0163ie paturi confortabile, cu noptiere \u0219i lumini frumoase, dressing, mas\u0103 cu scaune pentru cin\u0103 \u00een interior (pentru apartamente mari) \u0219i mas\u0103 cu scaune pentru cin\u0103 afar\u0103, pe terasa sau balcon.<\/p>\n<p>Toate apartamentele au climatizare \u0219i televizor LCD. Toate apartamentele au baie modern\u0103 cu gresie \u0219i cad\u0103 \/ du\u0219 \u0219i WC. Toate chicinetele \/ buc\u0103t\u0103riile sunt dotate cu mobil\u0103 realizat\u0103 din lemn. Acestea sunt prev\u0103zute cu frigider, 2\/4 ochiuri pentru g\u0103tit (\u00een func\u021bie de m\u0103rimea apartamentului), cuptor, chiuvete si dulapuri, hot\u0103 \u0219i ustensile de g\u0103tit, etc.<\/p>","protected":false},"excerpt":{"rendered":"<p>Exist\u0103 trei cl\u0103diri (A, B, C) \u0219i \u00een fiecare cl\u0103dire exist\u0103 patru apartamente de diferite tipuri. Al\u0103turi de fiecare cl\u0103dire exist\u0103 o piscin\u0103 mare cu jacuzzi \u0219i \u0219ezlonguri unde v\u0103 pute\u0163i bucura de soare. Acomodarea este luminat\u0103 \u015fi aerisit\u0103. Mobilierul \u0219i decorul sunt simple, moderne \u0219i de cea mai bun\u0103 calitate.<\/p>\n","protected":false},"author":1,"featured_media":74,"parent":0,"menu_order":0,"comment_status":"closed","ping_status":"closed","template":"page_rooms.php","meta":{"footnotes":""},"class_list":["post-5","page","type-page","status-publish","has-post-thumbnail","hentry"],"_links":{"self":[{"href":"https:\/\/www.apartmentsifigenia.gr\/ro\/wp-json\/wp\/v2\/pages\/5","targetHints":{"allow":["GET"]}}],"collection":[{"href":"https:\/\/www.apartmentsifigenia.gr\/ro\/wp-json\/wp\/v2\/pages"}],"about":[{"href":"https:\/\/www.apartmentsifigenia.gr\/ro\/wp-json\/wp\/v2\/types\/page"}],"author":[{"embeddable":true,"href":"https:\/\/www.apartmentsifigenia.gr\/ro\/wp-json\/wp\/v2\/users\/1"}],"replies":[{"embeddable":true,"href":"https:\/\/www.apartmentsifigenia.gr\/ro\/wp-json\/wp\/v2\/comments?post=5"}],"version-history":[{"count":3,"href":"https:\/\/www.apartmentsifigenia.gr\/ro\/wp-json\/wp\/v2\/pages\/5\/revisions"}],"predecessor-version":[{"id":143,"href":"https:\/\/www.apartmentsifigenia.gr\/ro\/wp-json\/wp\/v2\/pages\/5\/revisions\/143"}],"wp:featuredmedia":[{"embeddable":true,"href":"https:\/\/www.apartmentsifigenia.gr\/ro\/wp-json\/wp\/v2\/media\/74"}],"wp:attachment":[{"href":"https:\/\/www.apartmentsifigenia.gr\/ro\/wp-json\/wp\/v2\/media?parent=5"}],"curies":[{"name":"wp","href":"https:\/\/api.w.org\/{rel}","templated":true}]}}