{"id":4,"date":"2017-08-02T13:06:45","date_gmt":"2017-08-02T13:06:45","guid":{"rendered":"http:\/\/apartmentsifigenia.codibee.solutions\/home\/"},"modified":"2018-03-26T10:25:26","modified_gmt":"2018-03-26T10:25:26","slug":"home","status":"publish","type":"page","link":"https:\/\/www.apartmentsifigenia.gr\/ro\/","title":{"rendered":"Bine a\u0163i venit"},"content":{"rendered":"<p>Apartamentele Ifigenia \/ Ifigenia Apartments este un nou complex de apartamente (deschis \u00een 2008) situat \u00eentr-o zon\u0103 lini\u0219tit\u0103 \u0219i mai pu\u021bin aglomerat\u0103, dar aproape de strada principal\u0103 din Nidri &#8211; considerat locul cel mai cosmopolit, \u0219i unul dintre primele domenii \u00een care turismul s-a dezvoltat pe insula Lefkada.<\/p>\n<p>Nidri se afl\u0103 chiar vizavi de insula lui Aristotelis Valaoritis \u0219i Scorpios, insula lui Aristotelis Onassis. Pute\u021bi vizita ambele insule \u0219i, de asemenea, celebrele plaje Porto Katsiki, Egremni sau Agiofili \u00eentr-una din croazierele zilnice. Chiar dac\u0103 nu at\u00e2t de impresionant ca dimensiune, complexul are totu\u015fi avantajul de a fi mai pu\u021bin aglomerat dec\u00e2t alte hoteluri de pe insul\u0103. De asemenea, este singurul hotel de pe insul\u0103 oferind o piscin\u0103 separat\u0103 cu jacuzzi pentru fiecare cl\u0103dire de patru apartamente!<\/p>\n<p>Oferind camere comfortabile, special concepute \u00eentr-un cadru lini\u0219tit, \u00eempreun\u0103 cu un serviciu cald, atent pentru a crea o atmosfer\u0103 intim\u0103, elegant\u0103 \u0219i u\u0219or exclusiv\u0103, Ifigenia Apartaments a\u015fteapt\u0103 pe toat\u0103 lumea \u0219i asigur\u0103 vacan\u021be de neuitat!<\/p>","protected":false},"excerpt":{"rendered":"<p>Apartamentele Ifigenia \/ Ifigenia Apartments este un nou complex de apartamente (deschis \u00een 2008) situat \u00eentr-o zon\u0103 lini\u0219tit\u0103 \u0219i mai pu\u021bin aglomerat\u0103, dar aproape de strada principal\u0103 din Nidri &#8211; considerat locul cel mai cosmopolit, \u0219i unul dintre primele domenii \u00een care turismul s-a dezvoltat pe insula Lefkada. Nidri se afl\u0103 chiar vizavi de insula [&hellip;]<\/p>\n","protected":false},"author":1,"featured_media":101,"parent":0,"menu_order":0,"comment_status":"closed","ping_status":"closed","template":"","meta":{"footnotes":""},"class_list":["post-4","page","type-page","status-publish","has-post-thumbnail","hentry"],"_links":{"self":[{"href":"https:\/\/www.apartmentsifigenia.gr\/ro\/wp-json\/wp\/v2\/pages\/4","targetHints":{"allow":["GET"]}}],"collection":[{"href":"https:\/\/www.apartmentsifigenia.gr\/ro\/wp-json\/wp\/v2\/pages"}],"about":[{"href":"https:\/\/www.apartmentsifigenia.gr\/ro\/wp-json\/wp\/v2\/types\/page"}],"author":[{"embeddable":true,"href":"https:\/\/www.apartmentsifigenia.gr\/ro\/wp-json\/wp\/v2\/users\/1"}],"replies":[{"embeddable":true,"href":"https:\/\/www.apartmentsifigenia.gr\/ro\/wp-json\/wp\/v2\/comments?post=4"}],"version-history":[{"count":4,"href":"https:\/\/www.apartmentsifigenia.gr\/ro\/wp-json\/wp\/v2\/pages\/4\/revisions"}],"predecessor-version":[{"id":154,"href":"https:\/\/www.apartmentsifigenia.gr\/ro\/wp-json\/wp\/v2\/pages\/4\/revisions\/154"}],"wp:featuredmedia":[{"embeddable":true,"href":"https:\/\/www.apartmentsifigenia.gr\/ro\/wp-json\/wp\/v2\/media\/101"}],"wp:attachment":[{"href":"https:\/\/www.apartmentsifigenia.gr\/ro\/wp-json\/wp\/v2\/media?parent=4"}],"curies":[{"name":"wp","href":"https:\/\/api.w.org\/{rel}","templated":true}]}}